{"id":821,"date":"2026-04-15T12:12:55","date_gmt":"2026-04-15T17:12:55","guid":{"rendered":"http:\/\/test.traiteurg.com\/?page_id=821"},"modified":"2026-04-15T12:54:17","modified_gmt":"2026-04-15T17:54:17","slug":"menu-mariage","status":"publish","type":"page","link":"https:\/\/test.traiteurg.com\/en\/menu-mariage\/","title":{"rendered":"Menu Mariage"},"content":{"rendered":"<div data-elementor-type=\"wp-page\" data-elementor-id=\"821\" class=\"elementor elementor-821\">\n\t\t\t\t<div class=\"elementor-element elementor-element-ed24dd1 e-flex e-con-boxed e-con e-parent\" data-id=\"ed24dd1\" data-element_type=\"container\" data-e-type=\"container\">\n\t\t\t\t\t<div class=\"e-con-inner\">\n\t\t\t\t<div class=\"elementor-element elementor-element-f9bf46b elementor-widget elementor-widget-heading\" data-id=\"f9bf46b\" data-element_type=\"widget\" data-e-type=\"widget\" data-widget_type=\"heading.default\">\n\t\t\t\t\t<h2 class=\"elementor-heading-title elementor-size-default\">Menu Mariage<\/h2>\t\t\t\t<\/div>\n\t\t\t\t\t<\/div>\n\t\t\t\t<\/div>\n\t\t<div class=\"elementor-element elementor-element-784462e e-flex e-con-boxed e-con e-parent\" data-id=\"784462e\" data-element_type=\"container\" data-e-type=\"container\" data-settings=\"{&quot;background_background&quot;:&quot;classic&quot;}\">\n\t\t\t\t\t<div class=\"e-con-inner\">\n\t\t\t\t<div class=\"elementor-element elementor-element-198350b elementor-widget elementor-widget-text-editor\" data-id=\"198350b\" data-element_type=\"widget\" data-e-type=\"widget\" data-widget_type=\"text-editor.default\">\n\t\t\t\t\t\t\t\t\t<p><strong>FORFAIT MEILLEURES VENTES \u2013 STATIONS<br \/><\/strong><em>Exp\u00e9rience Cocktail &amp; Stations Anim\u00e9es<\/em><\/p>\n<p><strong>Canap\u00e9s pass\u00e9s (6 par personne)<\/strong><\/p>\n<ul>\n<li>Crevette cocktail grill\u00e9e<\/li>\n<li>Tartare de saumon<\/li>\n<li>Brochette Caprese<\/li>\n<li>Bouch\u00e9e de poulet G\u00e9n\u00e9ral Tao<\/li>\n<li>Arancini au risotto<\/li>\n<li>Boulette de viande &amp; sauce marinara<\/li>\n<\/ul>\n<p><strong>Station Antipasto Rustique Italien<\/strong><\/p>\n<ul>\n<li>S\u00e9lection de fromages fins (5 vari\u00e9t\u00e9s par personne)<\/li>\n<li>Charcuteries italiennes<\/li>\n<li>Raisins &amp; fruits s\u00e9ch\u00e9s<\/li>\n<li>Crostini, focaccia maison &amp; pains artisanaux<\/li>\n<li>L\u00e9gumes grill\u00e9s<\/li>\n<li>Olives m\u00e9diterran\u00e9ennes &amp; giardiniera<\/li>\n<li>Salade jardini\u00e8re printani\u00e8re<\/li>\n<li>Salade grecque traditionnelle<\/li>\n<\/ul>\n<p><strong>Station de P\u00e2tes Fra\u00eeches \u2013 Pr\u00e9par\u00e9es en Direct <\/strong><\/p>\n<ul>\n<li><strong>Choix de p\u00e2tes :<\/strong><br \/>\u2022 Penne<br \/>\u2022 Tortellini au fromage<br \/>\u2022 Cavatelli<\/li>\n<li><strong>Choix de sauces :<\/strong><br \/>\u2022 Tomate<br \/>\u2022 Ros\u00e9e<br \/>\u2022 Alfredo<br \/>\u2022 Pesto<br \/>\u2022 Arrabbiata<\/li>\n<\/ul>\n<p>Chef inclus.<\/p>\n<p><strong>Plats Chauds du chef<\/strong><\/p>\n<ul>\n<li>Poulet sauce foresti\u00e8re aux champignons<\/li>\n<li>Saumon grill\u00e9 glac\u00e9 \u00e0 l\u2019\u00e9rable<\/li>\n<li>Morue m\u00e9diterran\u00e9enne fra\u00eeche<\/li>\n<li>Riz safran\u00e9 aux l\u00e9gumes<\/li>\n<\/ul>\n<p><strong>Table Sucr\u00e9e<\/strong><\/p>\n<ul>\n<li>Fruits de saison tranch\u00e9s<\/li>\n<li>Assortiment de mini p\u00e2tisseries<\/li>\n<li>Cannoli fra\u00eechement garnis<\/li>\n<li>Brownies de chocolat belge<\/li>\n<\/ul>\n<p>*Plus d\u2019options disponibles sur demande<\/p>\n<p><strong>Inclus<\/strong><\/p>\n<p>Location de vaisselle et verrerie<br \/>Bar ouvert premium jusqu\u2019\u00e0 1h00<br \/>Personnel de service &amp; barman inclus<\/p>\n<p><strong>Co\u00fbt<\/strong><\/p>\n<p><strong>135 $ par personne<\/strong><\/p>\n<ul>\n<li>taxes et frais de service en sus.<\/li>\n<\/ul>\n<p><em>\u00a0<\/em><\/p>\t\t\t\t\t\t\t\t<\/div>\n\t\t\t\t\t<\/div>\n\t\t\t\t<\/div>\n\t\t<div class=\"elementor-element elementor-element-8f51a7b e-flex e-con-boxed e-con e-parent\" data-id=\"8f51a7b\" data-element_type=\"container\" data-e-type=\"container\" data-settings=\"{&quot;background_background&quot;:&quot;classic&quot;}\">\n\t\t\t\t\t<div class=\"e-con-inner\">\n\t\t\t\t<div class=\"elementor-element elementor-element-f730ddd elementor-widget elementor-widget-text-editor\" data-id=\"f730ddd\" data-element_type=\"widget\" data-e-type=\"widget\" data-widget_type=\"text-editor.default\">\n\t\t\t\t\t\t\t\t\t<p><strong>FORFAIT MEILLEURES VENTES \u2013 STATIONS<br \/><\/strong><em>Exp\u00e9rience Cocktail &amp; Stations Anim\u00e9es<\/em><\/p>\n<p><strong>Canap\u00e9s pass\u00e9s (6 par personne)<\/strong><\/p>\n<ul>\n<li>Crevette cocktail grill\u00e9e<\/li>\n<li>Tartare de saumon<\/li>\n<li>Brochette Caprese<\/li>\n<li>Bouch\u00e9e de poulet G\u00e9n\u00e9ral Tao<\/li>\n<li>Arancini au risotto<\/li>\n<li>Boulette de viande &amp; sauce marinara<\/li>\n<\/ul>\n<p><strong>Station Antipasto Rustique Italien<\/strong><\/p>\n<ul>\n<li>S\u00e9lection de fromages fins (5 vari\u00e9t\u00e9s par personne)<\/li>\n<li>Charcuteries italiennes<\/li>\n<li>Raisins &amp; fruits s\u00e9ch\u00e9s<\/li>\n<li>Crostini, focaccia maison &amp; pains artisanaux<\/li>\n<li>L\u00e9gumes grill\u00e9s<\/li>\n<li>Olives m\u00e9diterran\u00e9ennes &amp; giardiniera<\/li>\n<li>Salade jardini\u00e8re printani\u00e8re<\/li>\n<li>Salade grecque traditionnelle<\/li>\n<\/ul>\n<p><strong>Station de P\u00e2tes Fra\u00eeches \u2013 Pr\u00e9par\u00e9es en Direct <\/strong><\/p>\n<ul>\n<li><strong>Choix de p\u00e2tes :<\/strong><br \/>\u2022 Penne<br \/>\u2022 Tortellini au fromage<br \/>\u2022 Cavatelli<\/li>\n<li><strong>Choix de sauces :<\/strong><br \/>\u2022 Tomate<br \/>\u2022 Ros\u00e9e<br \/>\u2022 Alfredo<br \/>\u2022 Pesto<br \/>\u2022 Arrabbiata<\/li>\n<\/ul>\n<p>Chef inclus.<\/p>\n<p><strong>Plats Chauds du chef<\/strong><\/p>\n<ul>\n<li>Poulet sauce foresti\u00e8re aux champignons<\/li>\n<li>Saumon grill\u00e9 glac\u00e9 \u00e0 l\u2019\u00e9rable<\/li>\n<li>Morue m\u00e9diterran\u00e9enne fra\u00eeche<\/li>\n<li>Riz safran\u00e9 aux l\u00e9gumes<\/li>\n<\/ul>\n<p><strong>Table Sucr\u00e9e<\/strong><\/p>\n<ul>\n<li>Fruits de saison tranch\u00e9s<\/li>\n<li>Assortiment de mini p\u00e2tisseries<\/li>\n<li>Cannoli fra\u00eechement garnis<\/li>\n<li>Brownies de chocolat belge<\/li>\n<\/ul>\n<p>*Plus d\u2019options disponibles sur demande<\/p>\n<p><strong>Inclus<\/strong><\/p>\n<p>Location de vaisselle et verrerie<br \/>Bar ouvert premium jusqu\u2019\u00e0 1h00<br \/>Personnel de service &amp; barman inclus<\/p>\n<p><strong>Co\u00fbt<\/strong><\/p>\n<p><strong>135 $ par personne<\/strong><\/p>\n<ul>\n<li>taxes et frais de service en sus.<\/li>\n<\/ul>\n<p><em>\u00a0<\/em><\/p>\t\t\t\t\t\t\t\t<\/div>\n\t\t\t\t\t<\/div>\n\t\t\t\t<\/div>\n\t\t<div class=\"elementor-element elementor-element-2485273 e-flex e-con-boxed e-con e-parent\" data-id=\"2485273\" data-element_type=\"container\" data-e-type=\"container\">\n\t\t\t\t\t<div class=\"e-con-inner\">\n\t\t\t\t<div class=\"elementor-element elementor-element-73dfdde elementor-widget elementor-widget-text-editor\" data-id=\"73dfdde\" data-element_type=\"widget\" data-e-type=\"widget\" data-widget_type=\"text-editor.default\">\n\t\t\t\t\t\t\t\t\t<p>Lorem ipsum dolor sit amet, consectetur adipiscing elit. Ut elit tellus, luctus nec ullamcorper mattis, pulvinar dapibus leo.<\/p>\t\t\t\t\t\t\t\t<\/div>\n\t\t<div class=\"elementor-element elementor-element-548f5ba e-grid e-con-full e-con e-child\" data-id=\"548f5ba\" data-element_type=\"container\" data-e-type=\"container\">\n\t\t\t\t<div class=\"elementor-element elementor-element-9b3e123 elementor-widget elementor-widget-text-editor\" data-id=\"9b3e123\" data-element_type=\"widget\" data-e-type=\"widget\" data-widget_type=\"text-editor.default\">\n\t\t\t\t\t\t\t\t\t<p><strong>Canap\u00e9s pass\u00e9s (6 par personne)<\/strong><\/p>\n<ul>\n<li>Crevette cocktail grill\u00e9e<\/li>\n<li>Tartare de saumon<\/li>\n<li>Brochette Caprese<\/li>\n<li>Bouch\u00e9e de poulet G\u00e9n\u00e9ral Tao<\/li>\n<li>Arancini au risotto<\/li>\n<li>Boulette de viande &amp; sauce marinara<\/li>\n<\/ul>\t\t\t\t\t\t\t\t<\/div>\n\t\t<div class=\"elementor-element elementor-element-696b386 e-con-full e-flex e-con e-child\" data-id=\"696b386\" data-element_type=\"container\" data-e-type=\"container\">\n\t\t\t\t<div class=\"elementor-element elementor-element-5d7030c elementor-widget elementor-widget-text-editor\" data-id=\"5d7030c\" data-element_type=\"widget\" data-e-type=\"widget\" data-widget_type=\"text-editor.default\">\n\t\t\t\t\t\t\t\t\t<p><strong>Station Antipasto Rustique Italien<\/strong><\/p>\n<ul>\n<li>S\u00e9lection de fromages fins (5 vari\u00e9t\u00e9s par personne)<\/li>\n<li>Charcuteries italiennes<\/li>\n<li>Raisins &amp; fruits s\u00e9ch\u00e9s<\/li>\n<li>Crostini, focaccia maison &amp; pains artisanaux<\/li>\n<li>L\u00e9gumes grill\u00e9s<\/li>\n<li>Olives m\u00e9diterran\u00e9ennes &amp; giardiniera<\/li>\n<li>Salade jardini\u00e8re printani\u00e8re<\/li>\n<li>Salade grecque traditionnelle<\/li>\n<\/ul>\t\t\t\t\t\t\t\t<\/div>\n\t\t\t\t<\/div>\n\t\t\t\t<div class=\"elementor-element elementor-element-da5fd19 elementor-widget elementor-widget-text-editor\" data-id=\"da5fd19\" data-element_type=\"widget\" data-e-type=\"widget\" data-widget_type=\"text-editor.default\">\n\t\t\t\t\t\t\t\t\t<p><strong>Station de P\u00e2tes Fra\u00eeches \u2013 Pr\u00e9par\u00e9es en Direct <\/strong><\/p>\n<ul>\n<li><strong>Choix de p\u00e2tes :<\/strong><br \/>\u2022 Penne<br \/>\u2022 Tortellini au fromage<br \/>\u2022 Cavatelli<\/li>\n<li><strong>Choix de sauces :<\/strong><br \/>\u2022 Tomate<br \/>\u2022 Ros\u00e9e<br \/>\u2022 Alfredo<br \/>\u2022 Pesto<br \/>\u2022 Arrabbiata<\/li>\n<\/ul>\n<p>Chef inclus.<\/p>\t\t\t\t\t\t\t\t<\/div>\n\t\t<div class=\"elementor-element elementor-element-400623b e-con-full e-flex e-con e-child\" data-id=\"400623b\" data-element_type=\"container\" data-e-type=\"container\">\n\t\t\t\t<div class=\"elementor-element elementor-element-b601cd4 elementor-widget elementor-widget-text-editor\" data-id=\"b601cd4\" data-element_type=\"widget\" data-e-type=\"widget\" data-widget_type=\"text-editor.default\">\n\t\t\t\t\t\t\t\t\t<p><strong>Plats Chauds du chef<\/strong><\/p>\n<ul>\n<li>Poulet sauce foresti\u00e8re aux champignons<\/li>\n<li>Saumon grill\u00e9 glac\u00e9 \u00e0 l\u2019\u00e9rable<\/li>\n<li>Morue m\u00e9diterran\u00e9enne fra\u00eeche<\/li>\n<li>Riz safran\u00e9 aux l\u00e9gumes<\/li>\n<\/ul>\t\t\t\t\t\t\t\t<\/div>\n\t\t\t\t<\/div>\n\t\t<div class=\"elementor-element elementor-element-192ef29 e-con-full e-flex e-con e-child\" data-id=\"192ef29\" data-element_type=\"container\" data-e-type=\"container\">\n\t\t\t\t<div class=\"elementor-element elementor-element-f113ff4 elementor-widget elementor-widget-text-editor\" data-id=\"f113ff4\" data-element_type=\"widget\" data-e-type=\"widget\" data-widget_type=\"text-editor.default\">\n\t\t\t\t\t\t\t\t\t<p><strong>*Plus d\u2019options disponibles sur demande<br \/><br \/><br \/>Inclus<\/strong><\/p>\n<p>Location de vaisselle et verrerie<br \/>Bar ouvert premium jusqu\u2019\u00e0 1h00<br \/>Personnel de service &amp; barman inclus<\/p>\n<p><strong>Co\u00fbt<\/strong><\/p>\n<p><strong>135 $ par personne<\/strong><\/p>\n<ul>\n<li>taxes et frais de service en sus.<\/li>\n<\/ul>\t\t\t\t\t\t\t\t<\/div>\n\t\t\t\t<\/div>\n\t\t\t\t<\/div>\n\t\t\t\t\t<\/div>\n\t\t\t\t<\/div>\n\t\t<div class=\"elementor-element elementor-element-315da4c e-flex e-con-boxed e-con e-parent\" data-id=\"315da4c\" data-element_type=\"container\" data-e-type=\"container\">\n\t\t\t\t\t<div class=\"e-con-inner\">\n\t\t\t\t\t<\/div>\n\t\t\t\t<\/div>\n\t\t<div class=\"elementor-element elementor-element-b3b9ced e-flex e-con-boxed e-con e-parent\" data-id=\"b3b9ced\" data-element_type=\"container\" data-e-type=\"container\">\n\t\t\t\t\t<div class=\"e-con-inner\">\n\t\t\t\t<div class=\"elementor-element elementor-element-bd2cdda elementor-widget elementor-widget-text-editor\" data-id=\"bd2cdda\" data-element_type=\"widget\" data-e-type=\"widget\" data-widget_type=\"text-editor.default\">\n\t\t\t\t\t\t\t\t\t<p>Lorem ipsum dolor sit amet, consectetur adipiscing elit. Ut elit tellus, luctus nec ullamcorper mattis, pulvinar dapibus leo.<\/p>\t\t\t\t\t\t\t\t<\/div>\n\t\t\t\t\t<\/div>\n\t\t\t\t<\/div>\n\t\t\t\t<\/div>","protected":false},"excerpt":{"rendered":"<p>Menu Mariage FORFAIT MEILLEURES VENTES \u2013 STATIONSExp\u00e9rience Cocktail &amp; Stations Anim\u00e9es Canap\u00e9s pass\u00e9s (6 par personne) Crevette cocktail grill\u00e9e Tartare [&hellip;]<\/p>\n","protected":false},"author":1,"featured_media":0,"parent":0,"menu_order":0,"comment_status":"closed","ping_status":"closed","template":"","meta":{"site-sidebar-layout":"no-sidebar","site-content-layout":"","ast-site-content-layout":"full-width-container","site-content-style":"default","site-sidebar-style":"default","ast-global-header-display":"","ast-banner-title-visibility":"","ast-main-header-display":"","ast-hfb-above-header-display":"","ast-hfb-below-header-display":"","ast-hfb-mobile-header-display":"","site-post-title":"disabled","ast-breadcrumbs-content":"","ast-featured-img":"disabled","footer-sml-layout":"","ast-disable-related-posts":"","theme-transparent-header-meta":"","adv-header-id-meta":"","stick-header-meta":"","header-above-stick-meta":"","header-main-stick-meta":"","header-below-stick-meta":"","astra-migrate-meta-layouts":"default","ast-page-background-enabled":"default","ast-page-background-meta":{"desktop":{"background-color":"var(--ast-global-color-5)","background-image":"","background-repeat":"repeat","background-position":"center center","background-size":"auto","background-attachment":"scroll","background-type":"","background-media":"","overlay-type":"","overlay-color":"","overlay-opacity":"","overlay-gradient":""},"tablet":{"background-color":"","background-image":"","background-repeat":"repeat","background-position":"center center","background-size":"auto","background-attachment":"scroll","background-type":"","background-media":"","overlay-type":"","overlay-color":"","overlay-opacity":"","overlay-gradient":""},"mobile":{"background-color":"","background-image":"","background-repeat":"repeat","background-position":"center center","background-size":"auto","background-attachment":"scroll","background-type":"","background-media":"","overlay-type":"","overlay-color":"","overlay-opacity":"","overlay-gradient":""}},"ast-content-background-meta":{"desktop":{"background-color":"var(--ast-global-color-4)","background-image":"","background-repeat":"repeat","background-position":"center center","background-size":"auto","background-attachment":"scroll","background-type":"","background-media":"","overlay-type":"","overlay-color":"","overlay-opacity":"","overlay-gradient":""},"tablet":{"background-color":"var(--ast-global-color-4)","background-image":"","background-repeat":"repeat","background-position":"center center","background-size":"auto","background-attachment":"scroll","background-type":"","background-media":"","overlay-type":"","overlay-color":"","overlay-opacity":"","overlay-gradient":""},"mobile":{"background-color":"var(--ast-global-color-4)","background-image":"","background-repeat":"repeat","background-position":"center center","background-size":"auto","background-attachment":"scroll","background-type":"","background-media":"","overlay-type":"","overlay-color":"","overlay-opacity":"","overlay-gradient":""}},"footnotes":""},"class_list":["post-821","page","type-page","status-publish","hentry"],"_links":{"self":[{"href":"https:\/\/test.traiteurg.com\/en\/wp-json\/wp\/v2\/pages\/821","targetHints":{"allow":["GET"]}}],"collection":[{"href":"https:\/\/test.traiteurg.com\/en\/wp-json\/wp\/v2\/pages"}],"about":[{"href":"https:\/\/test.traiteurg.com\/en\/wp-json\/wp\/v2\/types\/page"}],"author":[{"embeddable":true,"href":"https:\/\/test.traiteurg.com\/en\/wp-json\/wp\/v2\/users\/1"}],"replies":[{"embeddable":true,"href":"https:\/\/test.traiteurg.com\/en\/wp-json\/wp\/v2\/comments?post=821"}],"version-history":[{"count":19,"href":"https:\/\/test.traiteurg.com\/en\/wp-json\/wp\/v2\/pages\/821\/revisions"}],"predecessor-version":[{"id":853,"href":"https:\/\/test.traiteurg.com\/en\/wp-json\/wp\/v2\/pages\/821\/revisions\/853"}],"wp:attachment":[{"href":"https:\/\/test.traiteurg.com\/en\/wp-json\/wp\/v2\/media?parent=821"}],"curies":[{"name":"wp","href":"https:\/\/api.w.org\/{rel}","templated":true}]}}