{"id":194,"date":"2026-03-09T15:09:56","date_gmt":"2026-03-09T20:09:56","guid":{"rendered":"http:\/\/test.traiteurg.com\/?page_id=194"},"modified":"2026-03-17T13:15:46","modified_gmt":"2026-03-17T18:15:46","slug":"traiteur-evenement-prive","status":"publish","type":"page","link":"https:\/\/test.traiteurg.com\/en\/traiteur-evenement-prive\/","title":{"rendered":"Private event Catering"},"content":{"rendered":"<div data-elementor-type=\"wp-page\" data-elementor-id=\"194\" class=\"elementor elementor-194\">\n\t\t\t\t<div class=\"elementor-element elementor-element-65b8ee5 e-flex e-con-boxed e-con e-parent\" data-id=\"65b8ee5\" data-element_type=\"container\" data-e-type=\"container\">\n\t\t\t\t\t<div class=\"e-con-inner\">\n\t\t<div class=\"elementor-element elementor-element-2d9b379 e-con-full e-flex e-con e-child\" data-id=\"2d9b379\" data-element_type=\"container\" data-e-type=\"container\">\n\t\t<div class=\"elementor-element elementor-element-d5c1928 e-con-full e-flex e-con e-child\" data-id=\"d5c1928\" data-element_type=\"container\" data-e-type=\"container\">\n\t\t\t\t<div class=\"elementor-element elementor-element-bba2d6c elementor-widget elementor-widget-image\" data-id=\"bba2d6c\" data-element_type=\"widget\" data-e-type=\"widget\" data-widget_type=\"image.default\">\n\t\t\t\t\t\t\t\t\t\t\t\t\t\t\t<img decoding=\"async\" src=\"http:\/\/test.traiteurg.com\/wp-content\/uploads\/elementor\/thumbs\/IMG_3251-rkbcuu5ib9fror03h97vtz01rnojnnc6ktjvqfypi8.jpeg\" title=\"IMG_3251\" alt=\"IMG_3251\" loading=\"lazy\" \/>\t\t\t\t\t\t\t\t\t\t\t\t\t\t\t<\/div>\n\t\t\t\t<\/div>\n\t\t\t\t<\/div>\n\t\t<div class=\"elementor-element elementor-element-370f73f e-con-full e-flex e-con e-child\" data-id=\"370f73f\" data-element_type=\"container\" data-e-type=\"container\">\n\t\t<div class=\"elementor-element elementor-element-0e23d5f e-con-full e-flex e-con e-child\" data-id=\"0e23d5f\" data-element_type=\"container\" data-e-type=\"container\">\n\t\t<div class=\"elementor-element elementor-element-1da49ff e-con-full e-flex e-con e-child\" data-id=\"1da49ff\" data-element_type=\"container\" data-e-type=\"container\" data-settings=\"{&quot;background_background&quot;:&quot;classic&quot;}\">\n\t\t\t\t<div class=\"elementor-element elementor-element-7c92d06 elementor-widget elementor-widget-heading\" data-id=\"7c92d06\" data-element_type=\"widget\" data-e-type=\"widget\" data-widget_type=\"heading.default\">\n\t\t\t\t\t<h1 class=\"elementor-heading-title elementor-size-default\">PRIVATE EVENT CATERING<\/h1>\t\t\t\t<\/div>\n\t\t\t\t<div class=\"elementor-element elementor-element-4c16441 elementor-widget__width-initial elementor-widget elementor-widget-text-editor\" data-id=\"4c16441\" data-element_type=\"widget\" data-e-type=\"widget\" data-widget_type=\"text-editor.default\">\n\t\t\t\t\t\t\t\t\t<p data-start=\"201\" data-end=\"444\">Host without compromise and make the most of every moment. Our private event catering service turns your gatherings into unique culinary experiences, whether at home or at the venue of your choice.<\/p><p data-start=\"446\" data-end=\"695\">Whether it\u2019s a birthday, a dinner with friends, a family celebration, or any special occasion, we collaborate with you to design a bespoke menu inspired by your tastes, desires, and the atmosphere you wish to create for your guests.<\/p><p data-start=\"697\" data-end=\"948\">Each dish is crafted to reflect your style and create a warm, refined, and memorable experience. Our human, personalized approach allows us to create authentic moments where gastronomy becomes the heart of every gathering.<\/p><p data-start=\"950\" data-end=\"1138\">With our turnkey service, we handle every detail\u2014from preparation to service, coordination, and presentation. All that\u2019s left for you is to welcome your guests and fully enjoy the moment.<\/p><p data-start=\"1140\" data-end=\"1242\">More than a meal, we create an atmosphere. A moment that reflects your identity, to be shared and remembered.<\/p>\t\t\t\t\t\t\t\t<\/div>\n\t\t<div class=\"elementor-element elementor-element-4f1bf47 e-con-full e-flex e-con e-child\" data-id=\"4f1bf47\" data-element_type=\"container\" data-e-type=\"container\" data-settings=\"{&quot;background_background&quot;:&quot;classic&quot;,&quot;animation&quot;:&quot;none&quot;}\">\n\t\t<div class=\"elementor-element elementor-element-129f78e e-grid e-con-full e-con e-child\" data-id=\"129f78e\" data-element_type=\"container\" data-e-type=\"container\">\n\t\t\t\t<div class=\"elementor-element elementor-element-8333235 elementor-widget elementor-widget-image\" data-id=\"8333235\" data-element_type=\"widget\" data-e-type=\"widget\" data-widget_type=\"image.default\">\n\t\t\t\t\t\t\t\t\t\t\t\t\t\t\t<img fetchpriority=\"high\" decoding=\"async\" width=\"1309\" height=\"2000\" src=\"http:\/\/test.traiteurg.com\/wp-content\/uploads\/2026\/03\/Creation-sans-titre1.jpg\" class=\"attachment-full size-full wp-image-478\" alt=\"\" srcset=\"http:\/\/test.traiteurg.com\/wp-content\/uploads\/2026\/03\/Creation-sans-titre1.jpg 1309w, http:\/\/test.traiteurg.com\/wp-content\/uploads\/2026\/03\/Creation-sans-titre1-196x300.jpg 196w, http:\/\/test.traiteurg.com\/wp-content\/uploads\/2026\/03\/Creation-sans-titre1-670x1024.jpg 670w, http:\/\/test.traiteurg.com\/wp-content\/uploads\/2026\/03\/Creation-sans-titre1-768x1173.jpg 768w, http:\/\/test.traiteurg.com\/wp-content\/uploads\/2026\/03\/Creation-sans-titre1-1005x1536.jpg 1005w, http:\/\/test.traiteurg.com\/wp-content\/uploads\/2026\/03\/Creation-sans-titre1-8x12.jpg 8w\" sizes=\"(max-width: 1309px) 100vw, 1309px\" \/>\t\t\t\t\t\t\t\t\t\t\t\t\t\t\t<\/div>\n\t\t\t\t<div class=\"elementor-element elementor-element-0441a72 elementor-widget elementor-widget-image\" data-id=\"0441a72\" data-element_type=\"widget\" data-e-type=\"widget\" data-widget_type=\"image.default\">\n\t\t\t\t\t\t\t\t\t\t\t\t\t\t\t<img decoding=\"async\" width=\"1309\" height=\"2000\" src=\"http:\/\/test.traiteurg.com\/wp-content\/uploads\/2026\/03\/Creation-sans-titre.jpg\" class=\"attachment-full size-full wp-image-476\" alt=\"\" srcset=\"http:\/\/test.traiteurg.com\/wp-content\/uploads\/2026\/03\/Creation-sans-titre.jpg 1309w, http:\/\/test.traiteurg.com\/wp-content\/uploads\/2026\/03\/Creation-sans-titre-196x300.jpg 196w, http:\/\/test.traiteurg.com\/wp-content\/uploads\/2026\/03\/Creation-sans-titre-670x1024.jpg 670w, http:\/\/test.traiteurg.com\/wp-content\/uploads\/2026\/03\/Creation-sans-titre-768x1173.jpg 768w, http:\/\/test.traiteurg.com\/wp-content\/uploads\/2026\/03\/Creation-sans-titre-1005x1536.jpg 1005w, http:\/\/test.traiteurg.com\/wp-content\/uploads\/2026\/03\/Creation-sans-titre-8x12.jpg 8w\" sizes=\"(max-width: 1309px) 100vw, 1309px\" \/>\t\t\t\t\t\t\t\t\t\t\t\t\t\t\t<\/div>\n\t\t\t\t<\/div>\n\t\t\t\t<\/div>\n\t\t\t\t<\/div>\n\t\t\t\t<\/div>\n\t\t\t\t<\/div>\n\t\t<div class=\"elementor-element elementor-element-3dba199 e-con-full e-flex e-con e-child\" data-id=\"3dba199\" data-element_type=\"container\" data-e-type=\"container\">\n\t\t<div class=\"elementor-element elementor-element-8c5036c e-con-full e-flex e-con e-child\" data-id=\"8c5036c\" data-element_type=\"container\" data-e-type=\"container\">\n\t\t\t\t<div class=\"elementor-element elementor-element-bf91ebe elementor-widget elementor-widget-text-editor\" data-id=\"bf91ebe\" data-element_type=\"widget\" data-e-type=\"widget\" data-widget_type=\"text-editor.default\">\n\t\t\t\t\t\t\t\t\t<p>Discover our private event menu <\/p>\t\t\t\t\t\t\t\t<\/div>\n\t\t<div class=\"elementor-element elementor-element-c57843f e-con-full zoom e-flex e-con e-child\" data-id=\"c57843f\" data-element_type=\"container\" data-e-type=\"container\">\n\t\t<div class=\"elementor-element elementor-element-fd8450a e-grid e-con-full e-con e-child\" data-id=\"fd8450a\" data-element_type=\"container\" data-e-type=\"container\">\n\t\t\t\t<div class=\"elementor-element elementor-element-35c608e elementor-widget elementor-widget-image\" data-id=\"35c608e\" data-element_type=\"widget\" data-e-type=\"widget\" data-widget_type=\"image.default\">\n\t\t\t\t\t\t\t\t\t\t\t\t\t\t\t<img decoding=\"async\" width=\"1024\" height=\"675\" src=\"http:\/\/test.traiteurg.com\/wp-content\/uploads\/2026\/03\/IMG_9551-1024x675.jpeg\" class=\"attachment-large size-large wp-image-508\" alt=\"service professionel banquet cocktail mariage\" srcset=\"http:\/\/test.traiteurg.com\/wp-content\/uploads\/2026\/03\/IMG_9551-1024x675.jpeg 1024w, http:\/\/test.traiteurg.com\/wp-content\/uploads\/2026\/03\/IMG_9551-300x198.jpeg 300w, http:\/\/test.traiteurg.com\/wp-content\/uploads\/2026\/03\/IMG_9551-768x507.jpeg 768w, http:\/\/test.traiteurg.com\/wp-content\/uploads\/2026\/03\/IMG_9551-18x12.jpeg 18w, http:\/\/test.traiteurg.com\/wp-content\/uploads\/2026\/03\/IMG_9551.jpeg 1284w\" sizes=\"(max-width: 1024px) 100vw, 1024px\" \/>\t\t\t\t\t\t\t\t\t\t\t\t\t\t\t<\/div>\n\t\t\t\t<div class=\"elementor-element elementor-element-70bfa7a elementor-widget elementor-widget-image\" data-id=\"70bfa7a\" data-element_type=\"widget\" data-e-type=\"widget\" data-widget_type=\"image.default\">\n\t\t\t\t\t\t\t\t\t\t\t\t\t\t\t<img loading=\"lazy\" decoding=\"async\" width=\"1024\" height=\"659\" src=\"http:\/\/test.traiteurg.com\/wp-content\/uploads\/2026\/03\/IMG_9550-1-1024x659.jpeg\" class=\"attachment-large size-large wp-image-509\" alt=\"service de bouch\u00e9es lors d&#039;un banquet corporatif\" srcset=\"http:\/\/test.traiteurg.com\/wp-content\/uploads\/2026\/03\/IMG_9550-1-1024x659.jpeg 1024w, http:\/\/test.traiteurg.com\/wp-content\/uploads\/2026\/03\/IMG_9550-1-300x193.jpeg 300w, http:\/\/test.traiteurg.com\/wp-content\/uploads\/2026\/03\/IMG_9550-1-768x494.jpeg 768w, http:\/\/test.traiteurg.com\/wp-content\/uploads\/2026\/03\/IMG_9550-1-18x12.jpeg 18w, http:\/\/test.traiteurg.com\/wp-content\/uploads\/2026\/03\/IMG_9550-1.jpeg 1284w\" sizes=\"(max-width: 1024px) 100vw, 1024px\" \/>\t\t\t\t\t\t\t\t\t\t\t\t\t\t\t<\/div>\n\t\t\t\t<div class=\"elementor-element elementor-element-a3476ca elementor-widget elementor-widget-image\" data-id=\"a3476ca\" data-element_type=\"widget\" data-e-type=\"widget\" data-widget_type=\"image.default\">\n\t\t\t\t\t\t\t\t\t\t\t\t\t\t\t<img loading=\"lazy\" decoding=\"async\" width=\"1024\" height=\"672\" src=\"http:\/\/test.traiteurg.com\/wp-content\/uploads\/2026\/03\/IMG_9552-1024x672.jpeg\" class=\"attachment-large size-large wp-image-408\" alt=\"\" srcset=\"http:\/\/test.traiteurg.com\/wp-content\/uploads\/2026\/03\/IMG_9552-1024x672.jpeg 1024w, http:\/\/test.traiteurg.com\/wp-content\/uploads\/2026\/03\/IMG_9552-300x197.jpeg 300w, http:\/\/test.traiteurg.com\/wp-content\/uploads\/2026\/03\/IMG_9552-768x504.jpeg 768w, http:\/\/test.traiteurg.com\/wp-content\/uploads\/2026\/03\/IMG_9552.jpeg 1284w\" sizes=\"(max-width: 1024px) 100vw, 1024px\" \/>\t\t\t\t\t\t\t\t\t\t\t\t\t\t\t<\/div>\n\t\t\t\t<div class=\"elementor-element elementor-element-1535aeb elementor-widget elementor-widget-image\" data-id=\"1535aeb\" data-element_type=\"widget\" data-e-type=\"widget\" data-widget_type=\"image.default\">\n\t\t\t\t\t\t\t\t\t\t\t\t\t\t\t<img decoding=\"async\" src=\"http:\/\/test.traiteurg.com\/wp-content\/uploads\/elementor\/thumbs\/Screenshot-2025-03-20-at-11.30-rkbcu1y438y3ykexi1q3od1rdn7jjnkhgsbyh1grs0.png\" title=\"Screenshot 2025-03-20 at 11.30\" alt=\"Screenshot 2025-03-20 at 11.30\" loading=\"lazy\" \/>\t\t\t\t\t\t\t\t\t\t\t\t\t\t\t<\/div>\n\t\t\t\t<div class=\"elementor-element elementor-element-ef62b09 elementor-widget elementor-widget-image\" data-id=\"ef62b09\" data-element_type=\"widget\" data-e-type=\"widget\" data-widget_type=\"image.default\">\n\t\t\t\t\t\t\t\t\t\t\t\t\t\t\t<img decoding=\"async\" src=\"http:\/\/test.traiteurg.com\/wp-content\/uploads\/elementor\/thumbs\/IMG_9556-rkni6n2irg3lbsiv68cvfrr0qi58n5hj597sk2t600.jpeg\" title=\"mariage traiteur\" alt=\"service de nourriture pr\u00e9par\u00e9 par traiteur g catering lors d&#039;un mariage\" loading=\"lazy\" \/>\t\t\t\t\t\t\t\t\t\t\t\t\t\t\t<\/div>\n\t\t\t\t<div class=\"elementor-element elementor-element-3d144aa elementor-widget elementor-widget-image\" data-id=\"3d144aa\" data-element_type=\"widget\" data-e-type=\"widget\" data-widget_type=\"image.default\">\n\t\t\t\t\t\t\t\t\t\t\t\t\t\t\t<img decoding=\"async\" src=\"http:\/\/test.traiteurg.com\/wp-content\/uploads\/elementor\/thumbs\/IMG_0889-rkbcummk9lqf1zkw5anw77twg4dm8zukvmon14m3z4.jpeg\" title=\"IMG_0889\" alt=\"IMG_0889\" loading=\"lazy\" \/>\t\t\t\t\t\t\t\t\t\t\t\t\t\t\t<\/div>\n\t\t\t\t<\/div>\n\t\t\t\t<\/div>\n\t\t\t\t<\/div>\n\t\t\t\t<\/div>\n\t\t<div class=\"elementor-element elementor-element-c389f57 e-con-full e-flex e-con e-child\" data-id=\"c389f57\" data-element_type=\"container\" data-e-type=\"container\">\n\t\t<div class=\"elementor-element elementor-element-de3cb8f e-flex e-con-boxed e-con e-child\" data-id=\"de3cb8f\" data-element_type=\"container\" data-e-type=\"container\">\n\t\t\t\t\t<div class=\"e-con-inner\">\n\t\t<div class=\"elementor-element elementor-element-f8b3477 e-grid e-con-full e-con e-child\" data-id=\"f8b3477\" data-element_type=\"container\" data-e-type=\"container\">\n\t\t\t\t<div class=\"elementor-element elementor-element-a0ce1c5 elementor-widget elementor-widget-text-editor\" data-id=\"a0ce1c5\" data-element_type=\"widget\" data-e-type=\"widget\" data-widget_type=\"text-editor.default\">\n\t\t\t\t\t\t\t\t\t<p>Adress: 3400 Cr\u00e9mazie Est, MontrEal, Qu\u00e9bec, H2A 1A6 (By appointment only)<br \/>Phone: (438) 520-3654<br \/>Email: info@traiteurgcatering.com<\/p>\t\t\t\t\t\t\t\t<\/div>\n\t\t\t\t<div class=\"elementor-element elementor-element-ead2e95 elementor-view-default elementor-widget elementor-widget-icon\" data-id=\"ead2e95\" data-element_type=\"widget\" data-e-type=\"widget\" data-widget_type=\"icon.default\">\n\t\t\t\t\t\t\t<div class=\"elementor-icon-wrapper\">\n\t\t\t<a class=\"elementor-icon\" href=\"https:\/\/www.facebook.com\/traiteurGcatering\">\n\t\t\t<svg aria-hidden=\"true\" class=\"e-font-icon-svg e-fab-facebook-f\" viewbox=\"0 0 320 512\" xmlns=\"http:\/\/www.w3.org\/2000\/svg\"><path d=\"M279.14 288l14.22-92.66h-88.91v-60.13c0-25.35 12.42-50.06 52.24-50.06h40.42V6.26S260.43 0 225.36 0c-73.22 0-121.08 44.38-121.08 124.72v70.62H22.89V288h81.39v224h100.17V288z\"><\/path><\/svg>\t\t\t<\/a>\n\t\t<\/div>\n\t\t\t\t\t\t<\/div>\n\t\t\t\t<div class=\"elementor-element elementor-element-5618514 elementor-view-default elementor-widget elementor-widget-icon\" data-id=\"5618514\" data-element_type=\"widget\" data-e-type=\"widget\" data-widget_type=\"icon.default\">\n\t\t\t\t\t\t\t<div class=\"elementor-icon-wrapper\">\n\t\t\t<a class=\"elementor-icon\" href=\"https:\/\/www.instagram.com\/gcatering.mtl\/\">\n\t\t\t<svg aria-hidden=\"true\" class=\"e-font-icon-svg e-fab-instagram\" viewbox=\"0 0 448 512\" xmlns=\"http:\/\/www.w3.org\/2000\/svg\"><path d=\"M224.1 141c-63.6 0-114.9 51.3-114.9 114.9s51.3 114.9 114.9 114.9S339 319.5 339 255.9 287.7 141 224.1 141zm0 189.6c-41.1 0-74.7-33.5-74.7-74.7s33.5-74.7 74.7-74.7 74.7 33.5 74.7 74.7-33.6 74.7-74.7 74.7zm146.4-194.3c0 14.9-12 26.8-26.8 26.8-14.9 0-26.8-12-26.8-26.8s12-26.8 26.8-26.8 26.8 12 26.8 26.8zm76.1 27.2c-1.7-35.9-9.9-67.7-36.2-93.9-26.2-26.2-58-34.4-93.9-36.2-37-2.1-147.9-2.1-184.9 0-35.8 1.7-67.6 9.9-93.9 36.1s-34.4 58-36.2 93.9c-2.1 37-2.1 147.9 0 184.9 1.7 35.9 9.9 67.7 36.2 93.9s58 34.4 93.9 36.2c37 2.1 147.9 2.1 184.9 0 35.9-1.7 67.7-9.9 93.9-36.2 26.2-26.2 34.4-58 36.2-93.9 2.1-37 2.1-147.8 0-184.8zM398.8 388c-7.8 19.6-22.9 34.7-42.6 42.6-29.5 11.7-99.5 9-132.1 9s-102.7 2.6-132.1-9c-19.6-7.8-34.7-22.9-42.6-42.6-11.7-29.5-9-99.5-9-132.1s-2.6-102.7 9-132.1c7.8-19.6 22.9-34.7 42.6-42.6 29.5-11.7 99.5-9 132.1-9s102.7-2.6 132.1 9c19.6 7.8 34.7 22.9 42.6 42.6 11.7 29.5 9 99.5 9 132.1s2.7 102.7-9 132.1z\"><\/path><\/svg>\t\t\t<\/a>\n\t\t<\/div>\n\t\t\t\t\t\t<\/div>\n\t\t\t\t<\/div>\n\t\t\t\t\t<\/div>\n\t\t\t\t<\/div>\n\t\t\t\t<\/div>\n\t\t\t\t\t<\/div>\n\t\t\t\t<\/div>\n\t\t\t\t<\/div>","protected":false},"excerpt":{"rendered":"<p>TRAITEUR \u00c9V\u00c9NEMENT PRIV\u00c9 Recevez sans compromis, et profitez pleinement de chaque instant. Notre service de traiteur pour \u00e9v\u00e9nements priv\u00e9s transforme [&hellip;]<\/p>\n","protected":false},"author":1,"featured_media":0,"parent":0,"menu_order":0,"comment_status":"closed","ping_status":"closed","template":"","meta":{"site-sidebar-layout":"no-sidebar","site-content-layout":"","ast-site-content-layout":"full-width-container","site-content-style":"default","site-sidebar-style":"default","ast-global-header-display":"","ast-banner-title-visibility":"","ast-main-header-display":"","ast-hfb-above-header-display":"","ast-hfb-below-header-display":"","ast-hfb-mobile-header-display":"","site-post-title":"disabled","ast-breadcrumbs-content":"","ast-featured-img":"disabled","footer-sml-layout":"","ast-disable-related-posts":"","theme-transparent-header-meta":"","adv-header-id-meta":"","stick-header-meta":"","header-above-stick-meta":"","header-main-stick-meta":"","header-below-stick-meta":"","astra-migrate-meta-layouts":"default","ast-page-background-enabled":"default","ast-page-background-meta":{"desktop":{"background-color":"var(--ast-global-color-5)","background-image":"","background-repeat":"repeat","background-position":"center center","background-size":"auto","background-attachment":"scroll","background-type":"","background-media":"","overlay-type":"","overlay-color":"","overlay-opacity":"","overlay-gradient":""},"tablet":{"background-color":"","background-image":"","background-repeat":"repeat","background-position":"center center","background-size":"auto","background-attachment":"scroll","background-type":"","background-media":"","overlay-type":"","overlay-color":"","overlay-opacity":"","overlay-gradient":""},"mobile":{"background-color":"","background-image":"","background-repeat":"repeat","background-position":"center center","background-size":"auto","background-attachment":"scroll","background-type":"","background-media":"","overlay-type":"","overlay-color":"","overlay-opacity":"","overlay-gradient":""}},"ast-content-background-meta":{"desktop":{"background-color":"var(--ast-global-color-4)","background-image":"","background-repeat":"repeat","background-position":"center center","background-size":"auto","background-attachment":"scroll","background-type":"","background-media":"","overlay-type":"","overlay-color":"","overlay-opacity":"","overlay-gradient":""},"tablet":{"background-color":"var(--ast-global-color-4)","background-image":"","background-repeat":"repeat","background-position":"center center","background-size":"auto","background-attachment":"scroll","background-type":"","background-media":"","overlay-type":"","overlay-color":"","overlay-opacity":"","overlay-gradient":""},"mobile":{"background-color":"var(--ast-global-color-4)","background-image":"","background-repeat":"repeat","background-position":"center center","background-size":"auto","background-attachment":"scroll","background-type":"","background-media":"","overlay-type":"","overlay-color":"","overlay-opacity":"","overlay-gradient":""}},"footnotes":""},"class_list":["post-194","page","type-page","status-publish","hentry"],"_links":{"self":[{"href":"https:\/\/test.traiteurg.com\/en\/wp-json\/wp\/v2\/pages\/194","targetHints":{"allow":["GET"]}}],"collection":[{"href":"https:\/\/test.traiteurg.com\/en\/wp-json\/wp\/v2\/pages"}],"about":[{"href":"https:\/\/test.traiteurg.com\/en\/wp-json\/wp\/v2\/types\/page"}],"author":[{"embeddable":true,"href":"https:\/\/test.traiteurg.com\/en\/wp-json\/wp\/v2\/users\/1"}],"replies":[{"embeddable":true,"href":"https:\/\/test.traiteurg.com\/en\/wp-json\/wp\/v2\/comments?post=194"}],"version-history":[{"count":26,"href":"https:\/\/test.traiteurg.com\/en\/wp-json\/wp\/v2\/pages\/194\/revisions"}],"predecessor-version":[{"id":536,"href":"https:\/\/test.traiteurg.com\/en\/wp-json\/wp\/v2\/pages\/194\/revisions\/536"}],"wp:attachment":[{"href":"https:\/\/test.traiteurg.com\/en\/wp-json\/wp\/v2\/media?parent=194"}],"curies":[{"name":"wp","href":"https:\/\/api.w.org\/{rel}","templated":true}]}}