{"id":174,"date":"2026-03-09T15:11:59","date_gmt":"2026-03-09T20:11:59","guid":{"rendered":"http:\/\/test.traiteurg.com\/?page_id=174"},"modified":"2026-03-17T13:27:02","modified_gmt":"2026-03-17T18:27:02","slug":"traiteur-corporatif","status":"publish","type":"page","link":"https:\/\/test.traiteurg.com\/en\/traiteur-corporatif\/","title":{"rendered":"Corporate Catering"},"content":{"rendered":"<div data-elementor-type=\"wp-page\" data-elementor-id=\"174\" class=\"elementor elementor-174\">\n\t\t\t\t<div class=\"elementor-element elementor-element-85842df e-flex e-con-boxed e-con e-parent\" data-id=\"85842df\" data-element_type=\"container\" data-e-type=\"container\">\n\t\t\t\t\t<div class=\"e-con-inner\">\n\t\t<div class=\"elementor-element elementor-element-bdad766 e-con-full e-flex e-con e-child\" data-id=\"bdad766\" data-element_type=\"container\" data-e-type=\"container\">\n\t\t\t\t<div class=\"elementor-element elementor-element-46d849b elementor-widget elementor-widget-image\" data-id=\"46d849b\" data-element_type=\"widget\" data-e-type=\"widget\" data-widget_type=\"image.default\">\n\t\t\t\t\t\t\t\t\t\t\t\t\t\t\t<img decoding=\"async\" src=\"http:\/\/test.traiteurg.com\/wp-content\/uploads\/elementor\/thumbs\/IMG_3255-rkbcuyup9fm7ast9pt90oftcql1dq4uu9gtb4trqn4.jpeg\" title=\"IMG_3255\" alt=\"IMG_3255\" loading=\"lazy\" \/>\t\t\t\t\t\t\t\t\t\t\t\t\t\t\t<\/div>\n\t\t\t\t<\/div>\n\t\t\t\t\t<\/div>\n\t\t\t\t<\/div>\n\t\t<div class=\"elementor-element elementor-element-d961674 e-flex e-con-boxed e-con e-parent\" data-id=\"d961674\" data-element_type=\"container\" data-e-type=\"container\">\n\t\t\t\t\t<div class=\"e-con-inner\">\n\t\t\t\t<div class=\"elementor-element elementor-element-21e9e0d elementor-widget elementor-widget-heading\" data-id=\"21e9e0d\" data-element_type=\"widget\" data-e-type=\"widget\" data-widget_type=\"heading.default\">\n\t\t\t\t\t<h1 class=\"elementor-heading-title elementor-size-default\">CORPORATE CATERING<\/h1>\t\t\t\t<\/div>\n\t\t\t\t<div class=\"elementor-element elementor-element-7eaa854 elementor-widget__width-initial elementor-widget elementor-widget-text-editor\" data-id=\"7eaa854\" data-element_type=\"widget\" data-e-type=\"widget\" data-widget_type=\"text-editor.default\">\n\t\t\t\t\t\t\t\t\t<p data-start=\"198\" data-end=\"393\">Elevate your business events with a culinary signature that reflects your brand image. Our corporate catering service blends refinement, efficiency, and a truly memorable experience.<\/p><p data-start=\"395\" data-end=\"621\">Whether for a strategic meeting, client event, product launch, or corporate reception, we support you at every stage to design a bespoke offering aligned with your objectives and your audience.<\/p><p data-start=\"623\" data-end=\"853\">We collaborate with you to design a bespoke menu that reflects your identity, the tone of the event, and the experience you aim to create. Every detail is thoughtfully crafted to embody your brand and make a lasting impression.<\/p><p data-start=\"855\" data-end=\"1103\">Thanks to our turnkey approach, you benefit from complete support, including coordination, service, logistics, and presentation. This allows you to focus on what truly matters, while we ensure a seamless and impeccable execution.<\/p><p data-start=\"1105\" data-end=\"1231\">More than a catering service, we deliver a distinctive professional experience that blends elegance with strategy.<\/p>\t\t\t\t\t\t\t\t<\/div>\n\t\t<div class=\"elementor-element elementor-element-cfe196c e-con-full e-flex e-con e-child\" data-id=\"cfe196c\" data-element_type=\"container\" data-e-type=\"container\" data-settings=\"{&quot;background_background&quot;:&quot;classic&quot;,&quot;animation&quot;:&quot;none&quot;}\">\n\t\t<div class=\"elementor-element elementor-element-76ac06d e-grid e-con-full e-con e-child\" data-id=\"76ac06d\" data-element_type=\"container\" data-e-type=\"container\">\n\t\t\t\t<div class=\"elementor-element elementor-element-4e0dbae elementor-widget elementor-widget-image\" data-id=\"4e0dbae\" data-element_type=\"widget\" data-e-type=\"widget\" data-widget_type=\"image.default\">\n\t\t\t\t\t\t\t\t\t\t\t\t\t\t\t<img fetchpriority=\"high\" decoding=\"async\" width=\"1309\" height=\"2000\" src=\"http:\/\/test.traiteurg.com\/wp-content\/uploads\/2026\/03\/Creation-sans-titre1.jpg\" class=\"attachment-full size-full wp-image-478\" alt=\"\" srcset=\"http:\/\/test.traiteurg.com\/wp-content\/uploads\/2026\/03\/Creation-sans-titre1.jpg 1309w, http:\/\/test.traiteurg.com\/wp-content\/uploads\/2026\/03\/Creation-sans-titre1-196x300.jpg 196w, http:\/\/test.traiteurg.com\/wp-content\/uploads\/2026\/03\/Creation-sans-titre1-670x1024.jpg 670w, http:\/\/test.traiteurg.com\/wp-content\/uploads\/2026\/03\/Creation-sans-titre1-768x1173.jpg 768w, http:\/\/test.traiteurg.com\/wp-content\/uploads\/2026\/03\/Creation-sans-titre1-1005x1536.jpg 1005w, http:\/\/test.traiteurg.com\/wp-content\/uploads\/2026\/03\/Creation-sans-titre1-8x12.jpg 8w\" sizes=\"(max-width: 1309px) 100vw, 1309px\" \/>\t\t\t\t\t\t\t\t\t\t\t\t\t\t\t<\/div>\n\t\t\t\t<div class=\"elementor-element elementor-element-4aafc07 elementor-widget elementor-widget-image\" data-id=\"4aafc07\" data-element_type=\"widget\" data-e-type=\"widget\" data-widget_type=\"image.default\">\n\t\t\t\t\t\t\t\t\t\t\t\t\t\t\t<img decoding=\"async\" width=\"1309\" height=\"2000\" src=\"http:\/\/test.traiteurg.com\/wp-content\/uploads\/2026\/03\/Creation-sans-titre.jpg\" class=\"attachment-full size-full wp-image-476\" alt=\"\" srcset=\"http:\/\/test.traiteurg.com\/wp-content\/uploads\/2026\/03\/Creation-sans-titre.jpg 1309w, http:\/\/test.traiteurg.com\/wp-content\/uploads\/2026\/03\/Creation-sans-titre-196x300.jpg 196w, http:\/\/test.traiteurg.com\/wp-content\/uploads\/2026\/03\/Creation-sans-titre-670x1024.jpg 670w, http:\/\/test.traiteurg.com\/wp-content\/uploads\/2026\/03\/Creation-sans-titre-768x1173.jpg 768w, http:\/\/test.traiteurg.com\/wp-content\/uploads\/2026\/03\/Creation-sans-titre-1005x1536.jpg 1005w, http:\/\/test.traiteurg.com\/wp-content\/uploads\/2026\/03\/Creation-sans-titre-8x12.jpg 8w\" sizes=\"(max-width: 1309px) 100vw, 1309px\" \/>\t\t\t\t\t\t\t\t\t\t\t\t\t\t\t<\/div>\n\t\t\t\t<\/div>\n\t\t\t\t<\/div>\n\t\t<div class=\"elementor-element elementor-element-4038e1a e-con-full e-flex e-con e-child\" data-id=\"4038e1a\" data-element_type=\"container\" data-e-type=\"container\">\n\t\t<div class=\"elementor-element elementor-element-131b106 e-con-full e-flex e-con e-child\" data-id=\"131b106\" data-element_type=\"container\" data-e-type=\"container\">\n\t\t\t\t<div class=\"elementor-element elementor-element-cff31d2 elementor-widget elementor-widget-text-editor\" data-id=\"cff31d2\" data-element_type=\"widget\" data-e-type=\"widget\" data-widget_type=\"text-editor.default\">\n\t\t\t\t\t\t\t\t\t<p>Click here for the corporate menu<\/p>\t\t\t\t\t\t\t\t<\/div>\n\t\t<div class=\"elementor-element elementor-element-2894e88 e-con-full zoom e-flex e-con e-child\" data-id=\"2894e88\" data-element_type=\"container\" data-e-type=\"container\">\n\t\t<div class=\"elementor-element elementor-element-f1af054 e-grid e-con-full e-con e-child\" data-id=\"f1af054\" data-element_type=\"container\" data-e-type=\"container\">\n\t\t\t\t<div class=\"elementor-element elementor-element-0cdd5d0 elementor-widget elementor-widget-image\" data-id=\"0cdd5d0\" data-element_type=\"widget\" data-e-type=\"widget\" data-widget_type=\"image.default\">\n\t\t\t\t\t\t\t\t\t\t\t\t\t\t\t<img decoding=\"async\" src=\"http:\/\/test.traiteurg.com\/wp-content\/uploads\/elementor\/thumbs\/IMG_8836-rknig9wytbaebwj1wwa7hu83xonojgqhgxxyn6iw80.jpeg\" title=\"\u00c9v\u00e9nement corpo\" alt=\"Corporate event caterer\" loading=\"lazy\" \/>\t\t\t\t\t\t\t\t\t\t\t\t\t\t\t<\/div>\n\t\t\t\t<div class=\"elementor-element elementor-element-7d6d005 elementor-widget elementor-widget-image\" data-id=\"7d6d005\" data-element_type=\"widget\" data-e-type=\"widget\" data-widget_type=\"image.default\">\n\t\t\t\t\t\t\t\t\t\t\t\t\t\t\t<img decoding=\"async\" src=\"http:\/\/test.traiteurg.com\/wp-content\/uploads\/elementor\/thumbs\/IMG_1056-rkniemp4ur1c0gx2ioopmr62ierk2j7e8sudeqyp40.jpeg\" title=\"\u00e9quipe marketing traiteur g catering\" alt=\"2 femmes de l&#039;\u00e9quipe marketing de traiteur g catering\" loading=\"lazy\" \/>\t\t\t\t\t\t\t\t\t\t\t\t\t\t\t<\/div>\n\t\t\t\t<div class=\"elementor-element elementor-element-f2f1fef elementor-widget elementor-widget-image\" data-id=\"f2f1fef\" data-element_type=\"widget\" data-e-type=\"widget\" data-widget_type=\"image.default\">\n\t\t\t\t\t\t\t\t\t\t\t\t\t\t\t<img decoding=\"async\" width=\"1024\" height=\"681\" src=\"http:\/\/test.traiteurg.com\/wp-content\/uploads\/2026\/03\/mafr4038-1024x681.jpeg\" class=\"attachment-large size-large wp-image-527\" alt=\"une serveuse de traiteur g catering en action au bar lors d&#039;un \u00e9v\u00e9nement corporatif festif\" srcset=\"http:\/\/test.traiteurg.com\/wp-content\/uploads\/2026\/03\/mafr4038-1024x681.jpeg 1024w, http:\/\/test.traiteurg.com\/wp-content\/uploads\/2026\/03\/mafr4038-300x200.jpeg 300w, http:\/\/test.traiteurg.com\/wp-content\/uploads\/2026\/03\/mafr4038-768x511.jpeg 768w, http:\/\/test.traiteurg.com\/wp-content\/uploads\/2026\/03\/mafr4038-1536x1022.jpeg 1536w, http:\/\/test.traiteurg.com\/wp-content\/uploads\/2026\/03\/mafr4038-2048x1363.jpeg 2048w, http:\/\/test.traiteurg.com\/wp-content\/uploads\/2026\/03\/mafr4038-18x12.jpeg 18w\" sizes=\"(max-width: 1024px) 100vw, 1024px\" \/>\t\t\t\t\t\t\t\t\t\t\t\t\t\t\t<\/div>\n\t\t\t\t<div class=\"elementor-element elementor-element-341d6a6 elementor-widget elementor-widget-image\" data-id=\"341d6a6\" data-element_type=\"widget\" data-e-type=\"widget\" data-widget_type=\"image.default\">\n\t\t\t\t\t\t\t\t\t\t\t\t\t\t\t<img decoding=\"async\" src=\"http:\/\/test.traiteurg.com\/wp-content\/uploads\/elementor\/thumbs\/IMG_7928-rknink5xs39eb3y4djn4bi1po6r370nlgzyfjdq200.jpeg\" title=\"poisson frais\" alt=\"poisson frais cuit par traiteur g catering lors d&#039;un mariage \u00e0 montr\u00e9al\" loading=\"lazy\" \/>\t\t\t\t\t\t\t\t\t\t\t\t\t\t\t<\/div>\n\t\t\t\t<div class=\"elementor-element elementor-element-cab321c elementor-widget elementor-widget-image\" data-id=\"cab321c\" data-element_type=\"widget\" data-e-type=\"widget\" data-widget_type=\"image.default\">\n\t\t\t\t\t\t\t\t\t\t\t\t\t\t\t<img decoding=\"async\" src=\"http:\/\/test.traiteurg.com\/wp-content\/uploads\/elementor\/thumbs\/mafr4103-scaled-rkninz7ctftzgvc9xq55fe936coym6bav2e77t3r8g.jpeg\" title=\"Dessert traiteur g catering\" alt=\"dessert succulent lors d&#039;un banquet d&#039;affaire\" loading=\"lazy\" \/>\t\t\t\t\t\t\t\t\t\t\t\t\t\t\t<\/div>\n\t\t\t\t<div class=\"elementor-element elementor-element-cbd0d92 elementor-widget elementor-widget-image\" data-id=\"cbd0d92\" data-element_type=\"widget\" data-e-type=\"widget\" data-widget_type=\"image.default\">\n\t\t\t\t\t\t\t\t\t\t\t\t\t\t\t<img decoding=\"async\" src=\"http:\/\/test.traiteurg.com\/wp-content\/uploads\/elementor\/thumbs\/steph_alex-pavillon-de-la-jamaique-wedding-montreal-photographer-valerie-rosen-photography-84788-rknio6q2c44a1r1cpte5zccrxfnwbr55k3m320sluo.jpeg\" title=\"\u00e9v\u00e9nement corpo\" alt=\"deux femmes lors d&#039;un \u00e9v\u00e9nement corporatif organis\u00e9 et servi par traiteur g catering\" loading=\"lazy\" \/>\t\t\t\t\t\t\t\t\t\t\t\t\t\t\t<\/div>\n\t\t\t\t<\/div>\n\t\t\t\t<\/div>\n\t\t\t\t<\/div>\n\t\t\t\t<\/div>\n\t\t\t\t\t<\/div>\n\t\t\t\t<\/div>\n\t\t<div class=\"elementor-element elementor-element-aff534d e-grid e-con-boxed e-con e-parent\" data-id=\"aff534d\" data-element_type=\"container\" data-e-type=\"container\">\n\t\t\t\t\t<div class=\"e-con-inner\">\n\t\t\t\t<div class=\"elementor-element elementor-element-5f7b574 elementor-widget elementor-widget-text-editor\" data-id=\"5f7b574\" data-element_type=\"widget\" data-e-type=\"widget\" data-widget_type=\"text-editor.default\">\n\t\t\t\t\t\t\t\t\t<p>Adress: 3400 Cr\u00e9mazie Est, MontrEal, Qu\u00e9bec, H2A 1A6 (By appointment only)<br \/>Phone: (438) 520-3654<br \/>Email: info@traiteurgcatering.com<\/p>\t\t\t\t\t\t\t\t<\/div>\n\t\t\t\t<div class=\"elementor-element elementor-element-260ca2f elementor-view-default elementor-widget elementor-widget-icon\" data-id=\"260ca2f\" data-element_type=\"widget\" data-e-type=\"widget\" data-widget_type=\"icon.default\">\n\t\t\t\t\t\t\t<div class=\"elementor-icon-wrapper\">\n\t\t\t<a class=\"elementor-icon\" href=\"https:\/\/www.facebook.com\/traiteurGcatering\">\n\t\t\t<svg aria-hidden=\"true\" class=\"e-font-icon-svg e-fab-facebook-f\" viewbox=\"0 0 320 512\" xmlns=\"http:\/\/www.w3.org\/2000\/svg\"><path d=\"M279.14 288l14.22-92.66h-88.91v-60.13c0-25.35 12.42-50.06 52.24-50.06h40.42V6.26S260.43 0 225.36 0c-73.22 0-121.08 44.38-121.08 124.72v70.62H22.89V288h81.39v224h100.17V288z\"><\/path><\/svg>\t\t\t<\/a>\n\t\t<\/div>\n\t\t\t\t\t\t<\/div>\n\t\t\t\t<div class=\"elementor-element elementor-element-668a8fe elementor-view-default elementor-widget elementor-widget-icon\" data-id=\"668a8fe\" data-element_type=\"widget\" data-e-type=\"widget\" data-widget_type=\"icon.default\">\n\t\t\t\t\t\t\t<div class=\"elementor-icon-wrapper\">\n\t\t\t<a class=\"elementor-icon\" href=\"https:\/\/www.instagram.com\/gcatering.mtl\/\">\n\t\t\t<svg aria-hidden=\"true\" class=\"e-font-icon-svg e-fab-instagram\" viewbox=\"0 0 448 512\" xmlns=\"http:\/\/www.w3.org\/2000\/svg\"><path d=\"M224.1 141c-63.6 0-114.9 51.3-114.9 114.9s51.3 114.9 114.9 114.9S339 319.5 339 255.9 287.7 141 224.1 141zm0 189.6c-41.1 0-74.7-33.5-74.7-74.7s33.5-74.7 74.7-74.7 74.7 33.5 74.7 74.7-33.6 74.7-74.7 74.7zm146.4-194.3c0 14.9-12 26.8-26.8 26.8-14.9 0-26.8-12-26.8-26.8s12-26.8 26.8-26.8 26.8 12 26.8 26.8zm76.1 27.2c-1.7-35.9-9.9-67.7-36.2-93.9-26.2-26.2-58-34.4-93.9-36.2-37-2.1-147.9-2.1-184.9 0-35.8 1.7-67.6 9.9-93.9 36.1s-34.4 58-36.2 93.9c-2.1 37-2.1 147.9 0 184.9 1.7 35.9 9.9 67.7 36.2 93.9s58 34.4 93.9 36.2c37 2.1 147.9 2.1 184.9 0 35.9-1.7 67.7-9.9 93.9-36.2 26.2-26.2 34.4-58 36.2-93.9 2.1-37 2.1-147.8 0-184.8zM398.8 388c-7.8 19.6-22.9 34.7-42.6 42.6-29.5 11.7-99.5 9-132.1 9s-102.7 2.6-132.1-9c-19.6-7.8-34.7-22.9-42.6-42.6-11.7-29.5-9-99.5-9-132.1s-2.6-102.7 9-132.1c7.8-19.6 22.9-34.7 42.6-42.6 29.5-11.7 99.5-9 132.1-9s102.7-2.6 132.1 9c19.6 7.8 34.7 22.9 42.6 42.6 11.7 29.5 9 99.5 9 132.1s2.7 102.7-9 132.1z\"><\/path><\/svg>\t\t\t<\/a>\n\t\t<\/div>\n\t\t\t\t\t\t<\/div>\n\t\t\t\t\t<\/div>\n\t\t\t\t<\/div>\n\t\t\t\t<\/div>","protected":false},"excerpt":{"rendered":"<p>TRAITEUR CORPORATIF Offrez \u00e0 vos \u00e9v\u00e9nements d\u2019affaires une signature culinaire \u00e0 la hauteur de votre image. Notre service de traiteur [&hellip;]<\/p>\n","protected":false},"author":1,"featured_media":0,"parent":0,"menu_order":0,"comment_status":"closed","ping_status":"closed","template":"","meta":{"site-sidebar-layout":"no-sidebar","site-content-layout":"","ast-site-content-layout":"full-width-container","site-content-style":"default","site-sidebar-style":"default","ast-global-header-display":"","ast-banner-title-visibility":"","ast-main-header-display":"","ast-hfb-above-header-display":"","ast-hfb-below-header-display":"","ast-hfb-mobile-header-display":"","site-post-title":"disabled","ast-breadcrumbs-content":"","ast-featured-img":"disabled","footer-sml-layout":"","ast-disable-related-posts":"","theme-transparent-header-meta":"","adv-header-id-meta":"","stick-header-meta":"","header-above-stick-meta":"","header-main-stick-meta":"","header-below-stick-meta":"","astra-migrate-meta-layouts":"default","ast-page-background-enabled":"default","ast-page-background-meta":{"desktop":{"background-color":"var(--ast-global-color-5)","background-image":"","background-repeat":"repeat","background-position":"center center","background-size":"auto","background-attachment":"scroll","background-type":"","background-media":"","overlay-type":"","overlay-color":"","overlay-opacity":"","overlay-gradient":""},"tablet":{"background-color":"","background-image":"","background-repeat":"repeat","background-position":"center center","background-size":"auto","background-attachment":"scroll","background-type":"","background-media":"","overlay-type":"","overlay-color":"","overlay-opacity":"","overlay-gradient":""},"mobile":{"background-color":"","background-image":"","background-repeat":"repeat","background-position":"center center","background-size":"auto","background-attachment":"scroll","background-type":"","background-media":"","overlay-type":"","overlay-color":"","overlay-opacity":"","overlay-gradient":""}},"ast-content-background-meta":{"desktop":{"background-color":"var(--ast-global-color-4)","background-image":"","background-repeat":"repeat","background-position":"center center","background-size":"auto","background-attachment":"scroll","background-type":"","background-media":"","overlay-type":"","overlay-color":"","overlay-opacity":"","overlay-gradient":""},"tablet":{"background-color":"var(--ast-global-color-4)","background-image":"","background-repeat":"repeat","background-position":"center center","background-size":"auto","background-attachment":"scroll","background-type":"","background-media":"","overlay-type":"","overlay-color":"","overlay-opacity":"","overlay-gradient":""},"mobile":{"background-color":"var(--ast-global-color-4)","background-image":"","background-repeat":"repeat","background-position":"center center","background-size":"auto","background-attachment":"scroll","background-type":"","background-media":"","overlay-type":"","overlay-color":"","overlay-opacity":"","overlay-gradient":""}},"footnotes":""},"class_list":["post-174","page","type-page","status-publish","hentry"],"_links":{"self":[{"href":"https:\/\/test.traiteurg.com\/en\/wp-json\/wp\/v2\/pages\/174","targetHints":{"allow":["GET"]}}],"collection":[{"href":"https:\/\/test.traiteurg.com\/en\/wp-json\/wp\/v2\/pages"}],"about":[{"href":"https:\/\/test.traiteurg.com\/en\/wp-json\/wp\/v2\/types\/page"}],"author":[{"embeddable":true,"href":"https:\/\/test.traiteurg.com\/en\/wp-json\/wp\/v2\/users\/1"}],"replies":[{"embeddable":true,"href":"https:\/\/test.traiteurg.com\/en\/wp-json\/wp\/v2\/comments?post=174"}],"version-history":[{"count":47,"href":"https:\/\/test.traiteurg.com\/en\/wp-json\/wp\/v2\/pages\/174\/revisions"}],"predecessor-version":[{"id":552,"href":"https:\/\/test.traiteurg.com\/en\/wp-json\/wp\/v2\/pages\/174\/revisions\/552"}],"wp:attachment":[{"href":"https:\/\/test.traiteurg.com\/en\/wp-json\/wp\/v2\/media?parent=174"}],"curies":[{"name":"wp","href":"https:\/\/api.w.org\/{rel}","templated":true}]}}