{"id":154,"date":"2026-03-09T15:10:53","date_gmt":"2026-03-09T20:10:53","guid":{"rendered":"http:\/\/test.traiteurg.com\/?page_id=154"},"modified":"2026-04-15T12:38:43","modified_gmt":"2026-04-15T17:38:43","slug":"traiteur-mariage","status":"publish","type":"page","link":"https:\/\/test.traiteurg.com\/en\/traiteur-mariage\/","title":{"rendered":"Wedding Catering"},"content":{"rendered":"<div data-elementor-type=\"wp-page\" data-elementor-id=\"154\" class=\"elementor elementor-154\">\n\t\t\t\t<div class=\"elementor-element elementor-element-b5ba4c7 e-con-full e-flex e-con e-parent\" data-id=\"b5ba4c7\" data-element_type=\"container\" data-e-type=\"container\">\n\t\t<div class=\"elementor-element elementor-element-fae907c e-flex e-con-boxed e-con e-child\" data-id=\"fae907c\" data-element_type=\"container\" data-e-type=\"container\">\n\t\t\t\t\t<div class=\"e-con-inner\">\n\t\t<div class=\"elementor-element elementor-element-9532124 e-con-full e-flex e-con e-child\" data-id=\"9532124\" data-element_type=\"container\" data-e-type=\"container\">\n\t\t\t\t<div class=\"elementor-element elementor-element-a1f08c9 elementor-widget elementor-widget-image\" data-id=\"a1f08c9\" data-element_type=\"widget\" data-e-type=\"widget\" data-widget_type=\"image.default\">\n\t\t\t\t\t\t\t\t\t\t\t\t\t\t\t<img decoding=\"async\" src=\"https:\/\/test.traiteurg.com\/wp-content\/uploads\/2026\/03\/IMG_1032-scaled.jpeg\" title=\"IMG_1032\" alt=\"IMG_1032\" loading=\"lazy\" \/>\t\t\t\t\t\t\t\t\t\t\t\t\t\t\t<\/div>\n\t\t\t\t<\/div>\n\t\t<div class=\"elementor-element elementor-element-b47ec62 e-con-full e-flex e-con e-child\" data-id=\"b47ec62\" data-element_type=\"container\" data-e-type=\"container\" data-settings=\"{&quot;background_background&quot;:&quot;classic&quot;}\">\n\t\t\t\t<div class=\"elementor-element elementor-element-e0ddc19 elementor-widget elementor-widget-heading\" data-id=\"e0ddc19\" data-element_type=\"widget\" data-e-type=\"widget\" data-widget_type=\"heading.default\">\n\t\t\t\t\t<h2 class=\"elementor-heading-title elementor-size-default\">WEDDING CATERING<\/h2>\t\t\t\t<\/div>\n\t\t\t\t<div class=\"elementor-element elementor-element-bf83c30 elementor-widget__width-initial elementor-widget elementor-widget-text-editor\" data-id=\"bf83c30\" data-element_type=\"widget\" data-e-type=\"widget\" data-widget_type=\"text-editor.default\">\n\t\t\t\t\t\t\t\t\t<p data-start=\"129\" data-end=\"351\">Because every wedding is unique, our catering service is crafted as a bespoke culinary experience. From start to finish, we guide you to create a dining experience worthy of your story.<br \/>From our very first conversation through to your wedding day, we collaborate with you to design a bespoke menu inspired by your tastes, memories, and the atmosphere you envision. Each dish is thoughtfully crafted to reflect your story as a couple, your heritage, your favorite experiences\u2026 and above all, the emotions you wish to offer your guests.<\/p><p data-start=\"669\" data-end=\"908\">Our turnkey approach allows you to fully enjoy your day, free from logistical concerns. From coordination to service and presentation, every detail is meticulously orchestrated to deliver a seamless, elegant, and truly memorable experience.<\/p><p data-start=\"910\" data-end=\"1041\">More than a meal, we create an experience. A culinary signature that reflects your identity, and one your guests will remember long after the event.<\/p>\t\t\t\t\t\t\t\t<\/div>\n\t\t<div class=\"elementor-element elementor-element-1c6657e e-con-full e-flex e-con e-child\" data-id=\"1c6657e\" data-element_type=\"container\" data-e-type=\"container\" data-settings=\"{&quot;background_background&quot;:&quot;classic&quot;,&quot;animation&quot;:&quot;none&quot;}\">\n\t\t<div class=\"elementor-element elementor-element-2df5b37 e-grid e-con-full e-con e-child\" data-id=\"2df5b37\" data-element_type=\"container\" data-e-type=\"container\">\n\t\t\t\t<div class=\"elementor-element elementor-element-4bfedc6 elementor-widget elementor-widget-image\" data-id=\"4bfedc6\" data-element_type=\"widget\" data-e-type=\"widget\" data-widget_type=\"image.default\">\n\t\t\t\t\t\t\t\t\t\t\t\t\t\t\t<img fetchpriority=\"high\" decoding=\"async\" width=\"1309\" height=\"2000\" src=\"https:\/\/test.traiteurg.com\/wp-content\/uploads\/2026\/03\/Creation-sans-titre1.jpg\" class=\"attachment-full size-full wp-image-478\" alt=\"\" srcset=\"https:\/\/test.traiteurg.com\/wp-content\/uploads\/2026\/03\/Creation-sans-titre1.jpg 1309w, https:\/\/test.traiteurg.com\/wp-content\/uploads\/2026\/03\/Creation-sans-titre1-196x300.jpg 196w, https:\/\/test.traiteurg.com\/wp-content\/uploads\/2026\/03\/Creation-sans-titre1-670x1024.jpg 670w, https:\/\/test.traiteurg.com\/wp-content\/uploads\/2026\/03\/Creation-sans-titre1-768x1173.jpg 768w, https:\/\/test.traiteurg.com\/wp-content\/uploads\/2026\/03\/Creation-sans-titre1-1005x1536.jpg 1005w, https:\/\/test.traiteurg.com\/wp-content\/uploads\/2026\/03\/Creation-sans-titre1-8x12.jpg 8w\" sizes=\"(max-width: 1309px) 100vw, 1309px\" \/>\t\t\t\t\t\t\t\t\t\t\t\t\t\t\t<\/div>\n\t\t\t\t<div class=\"elementor-element elementor-element-2d4437d elementor-widget elementor-widget-image\" data-id=\"2d4437d\" data-element_type=\"widget\" data-e-type=\"widget\" data-widget_type=\"image.default\">\n\t\t\t\t\t\t\t\t\t\t\t\t\t\t\t<img decoding=\"async\" width=\"1309\" height=\"2000\" src=\"https:\/\/test.traiteurg.com\/wp-content\/uploads\/2026\/03\/Creation-sans-titre.jpg\" class=\"attachment-full size-full wp-image-476\" alt=\"\" srcset=\"https:\/\/test.traiteurg.com\/wp-content\/uploads\/2026\/03\/Creation-sans-titre.jpg 1309w, https:\/\/test.traiteurg.com\/wp-content\/uploads\/2026\/03\/Creation-sans-titre-196x300.jpg 196w, https:\/\/test.traiteurg.com\/wp-content\/uploads\/2026\/03\/Creation-sans-titre-670x1024.jpg 670w, https:\/\/test.traiteurg.com\/wp-content\/uploads\/2026\/03\/Creation-sans-titre-768x1173.jpg 768w, https:\/\/test.traiteurg.com\/wp-content\/uploads\/2026\/03\/Creation-sans-titre-1005x1536.jpg 1005w, https:\/\/test.traiteurg.com\/wp-content\/uploads\/2026\/03\/Creation-sans-titre-8x12.jpg 8w\" sizes=\"(max-width: 1309px) 100vw, 1309px\" \/>\t\t\t\t\t\t\t\t\t\t\t\t\t\t\t<\/div>\n\t\t\t\t<\/div>\n\t\t\t\t<\/div>\n\t\t\t\t<\/div>\n\t\t\t\t\t<\/div>\n\t\t\t\t<\/div>\n\t\t<div class=\"elementor-element elementor-element-1c3bc21 e-flex e-con-boxed e-con e-child\" data-id=\"1c3bc21\" data-element_type=\"container\" data-e-type=\"container\">\n\t\t\t\t\t<div class=\"e-con-inner\">\n\t\t\t\t<div class=\"elementor-element elementor-element-a00bdd7 elementor-align-center elementor-widget elementor-widget-button\" data-id=\"a00bdd7\" data-element_type=\"widget\" data-e-type=\"widget\" data-widget_type=\"button.default\">\n\t\t\t\t\t\t\t\t\t\t<a class=\"elementor-button elementor-button-link elementor-size-sm\" href=\"http:\/\/test.traiteurg.com\/en\/menu-mariage\/\">\n\t\t\t\t\t\t<span class=\"elementor-button-content-wrapper\">\n\t\t\t\t\t\t\t\t\t<span class=\"elementor-button-text\">Cliquez ici :  Menu Mariage <\/span>\n\t\t\t\t\t<\/span>\n\t\t\t\t\t<\/a>\n\t\t\t\t\t\t\t\t<\/div>\n\t\t<div class=\"elementor-element elementor-element-5021996 e-con-full zoom e-flex e-con e-child\" data-id=\"5021996\" data-element_type=\"container\" data-e-type=\"container\">\n\t\t<div class=\"elementor-element elementor-element-e27d47c e-grid e-con-full e-con e-child\" data-id=\"e27d47c\" data-element_type=\"container\" data-e-type=\"container\">\n\t\t\t\t<div class=\"elementor-element elementor-element-17e5b44 elementor-widget elementor-widget-image\" data-id=\"17e5b44\" data-element_type=\"widget\" data-e-type=\"widget\" data-widget_type=\"image.default\">\n\t\t\t\t\t\t\t\t\t\t\t\t\t\t\t<img decoding=\"async\" width=\"1024\" height=\"669\" src=\"https:\/\/test.traiteurg.com\/wp-content\/uploads\/2026\/03\/IMG_9553-1024x669.jpeg\" class=\"attachment-large size-large wp-image-407\" alt=\"table pr\u00eate pour un mariage \u00e0 montr\u00e9al. servi par traiteur g catering.\" srcset=\"https:\/\/test.traiteurg.com\/wp-content\/uploads\/2026\/03\/IMG_9553-1024x669.jpeg 1024w, https:\/\/test.traiteurg.com\/wp-content\/uploads\/2026\/03\/IMG_9553-300x196.jpeg 300w, https:\/\/test.traiteurg.com\/wp-content\/uploads\/2026\/03\/IMG_9553-768x502.jpeg 768w, https:\/\/test.traiteurg.com\/wp-content\/uploads\/2026\/03\/IMG_9553.jpeg 1284w\" sizes=\"(max-width: 1024px) 100vw, 1024px\" \/>\t\t\t\t\t\t\t\t\t\t\t\t\t\t\t<\/div>\n\t\t\t\t<div class=\"elementor-element elementor-element-a28a76c elementor-widget elementor-widget-image\" data-id=\"a28a76c\" data-element_type=\"widget\" data-e-type=\"widget\" data-widget_type=\"image.default\">\n\t\t\t\t\t\t\t\t\t\t\t\t\t\t\t<img loading=\"lazy\" decoding=\"async\" width=\"1024\" height=\"683\" src=\"https:\/\/test.traiteurg.com\/wp-content\/uploads\/2026\/03\/IMG_1638-1024x683.jpeg\" class=\"attachment-large size-large wp-image-466\" alt=\"\" srcset=\"https:\/\/test.traiteurg.com\/wp-content\/uploads\/2026\/03\/IMG_1638-1024x683.jpeg 1024w, https:\/\/test.traiteurg.com\/wp-content\/uploads\/2026\/03\/IMG_1638-300x200.jpeg 300w, https:\/\/test.traiteurg.com\/wp-content\/uploads\/2026\/03\/IMG_1638-768x512.jpeg 768w, https:\/\/test.traiteurg.com\/wp-content\/uploads\/2026\/03\/IMG_1638-1536x1024.jpeg 1536w, https:\/\/test.traiteurg.com\/wp-content\/uploads\/2026\/03\/IMG_1638-2048x1366.jpeg 2048w, https:\/\/test.traiteurg.com\/wp-content\/uploads\/2026\/03\/IMG_1638-18x12.jpeg 18w\" sizes=\"(max-width: 1024px) 100vw, 1024px\" \/>\t\t\t\t\t\t\t\t\t\t\t\t\t\t\t<\/div>\n\t\t\t\t<div class=\"elementor-element elementor-element-e04e659 elementor-widget elementor-widget-image\" data-id=\"e04e659\" data-element_type=\"widget\" data-e-type=\"widget\" data-widget_type=\"image.default\">\n\t\t\t\t\t\t\t\t\t\t\t\t\t\t\t<img loading=\"lazy\" decoding=\"async\" width=\"1024\" height=\"677\" src=\"https:\/\/test.traiteurg.com\/wp-content\/uploads\/2026\/03\/IMG_9542-1024x677.jpeg\" class=\"attachment-large size-large wp-image-490\" alt=\"\" srcset=\"https:\/\/test.traiteurg.com\/wp-content\/uploads\/2026\/03\/IMG_9542-1024x677.jpeg 1024w, https:\/\/test.traiteurg.com\/wp-content\/uploads\/2026\/03\/IMG_9542-300x198.jpeg 300w, https:\/\/test.traiteurg.com\/wp-content\/uploads\/2026\/03\/IMG_9542-768x508.jpeg 768w, https:\/\/test.traiteurg.com\/wp-content\/uploads\/2026\/03\/IMG_9542-18x12.jpeg 18w, https:\/\/test.traiteurg.com\/wp-content\/uploads\/2026\/03\/IMG_9542.jpeg 1284w\" sizes=\"(max-width: 1024px) 100vw, 1024px\" \/>\t\t\t\t\t\t\t\t\t\t\t\t\t\t\t<\/div>\n\t\t\t\t<div class=\"elementor-element elementor-element-500e8ca elementor-widget elementor-widget-image\" data-id=\"500e8ca\" data-element_type=\"widget\" data-e-type=\"widget\" data-widget_type=\"image.default\">\n\t\t\t\t\t\t\t\t\t\t\t\t\t\t\t<img decoding=\"async\" src=\"https:\/\/test.traiteurg.com\/wp-content\/uploads\/2026\/03\/IMG_0874-1.jpeg\" title=\"IMG_0874\" alt=\"IMG_0874\" loading=\"lazy\" \/>\t\t\t\t\t\t\t\t\t\t\t\t\t\t\t<\/div>\n\t\t\t\t<div class=\"elementor-element elementor-element-aac3c62 elementor-widget elementor-widget-image\" data-id=\"aac3c62\" data-element_type=\"widget\" data-e-type=\"widget\" data-widget_type=\"image.default\">\n\t\t\t\t\t\t\t\t\t\t\t\t\t\t\t<img decoding=\"async\" src=\"https:\/\/test.traiteurg.com\/wp-content\/uploads\/2026\/03\/IMG_0661.jpeg\" title=\"IMG_0661\" alt=\"IMG_0661\" loading=\"lazy\" \/>\t\t\t\t\t\t\t\t\t\t\t\t\t\t\t<\/div>\n\t\t\t\t<div class=\"elementor-element elementor-element-d5442fa elementor-widget elementor-widget-image\" data-id=\"d5442fa\" data-element_type=\"widget\" data-e-type=\"widget\" data-widget_type=\"image.default\">\n\t\t\t\t\t\t\t\t\t\t\t\t\t\t\t<img decoding=\"async\" src=\"https:\/\/test.traiteurg.com\/wp-content\/uploads\/2026\/03\/IMG_0889.jpeg\" title=\"IMG_0889\" alt=\"IMG_0889\" loading=\"lazy\" \/>\t\t\t\t\t\t\t\t\t\t\t\t\t\t\t<\/div>\n\t\t\t\t<\/div>\n\t\t\t\t<\/div>\n\t\t\t\t\t<\/div>\n\t\t\t\t<\/div>\n\t\t<div class=\"elementor-element elementor-element-745297d e-flex e-con-boxed e-con e-child\" data-id=\"745297d\" data-element_type=\"container\" data-e-type=\"container\">\n\t\t\t\t\t<div class=\"e-con-inner\">\n\t\t<div class=\"elementor-element elementor-element-5cfd83b e-con-full e-flex e-con e-child\" data-id=\"5cfd83b\" data-element_type=\"container\" data-e-type=\"container\">\n\t\t\t\t<\/div>\n\t\t<div class=\"elementor-element elementor-element-66a67dc e-grid e-con-full e-con e-child\" data-id=\"66a67dc\" data-element_type=\"container\" data-e-type=\"container\">\n\t\t\t\t<div class=\"elementor-element elementor-element-acdd4c0 elementor-widget elementor-widget-text-editor\" data-id=\"acdd4c0\" data-element_type=\"widget\" data-e-type=\"widget\" data-widget_type=\"text-editor.default\">\n\t\t\t\t\t\t\t\t\t<p>Adress: 3400 Cr\u00e9mazie Est, MontrEal, Qu\u00e9bec, H2A 1A6 (By appointment only)<br \/>Phone: (438) 520-3654<br \/>Email: info@traiteurgcatering.com<\/p>\t\t\t\t\t\t\t\t<\/div>\n\t\t\t\t<div class=\"elementor-element elementor-element-e0764f1 elementor-view-default elementor-widget elementor-widget-icon\" data-id=\"e0764f1\" data-element_type=\"widget\" data-e-type=\"widget\" data-widget_type=\"icon.default\">\n\t\t\t\t\t\t\t<div class=\"elementor-icon-wrapper\">\n\t\t\t<a class=\"elementor-icon\" href=\"https:\/\/www.facebook.com\/traiteurGcatering\">\n\t\t\t<svg aria-hidden=\"true\" class=\"e-font-icon-svg e-fab-facebook-f\" viewbox=\"0 0 320 512\" xmlns=\"http:\/\/www.w3.org\/2000\/svg\"><path d=\"M279.14 288l14.22-92.66h-88.91v-60.13c0-25.35 12.42-50.06 52.24-50.06h40.42V6.26S260.43 0 225.36 0c-73.22 0-121.08 44.38-121.08 124.72v70.62H22.89V288h81.39v224h100.17V288z\"><\/path><\/svg>\t\t\t<\/a>\n\t\t<\/div>\n\t\t\t\t\t\t<\/div>\n\t\t\t\t<div class=\"elementor-element elementor-element-28d2ac6 elementor-view-default elementor-widget elementor-widget-icon\" data-id=\"28d2ac6\" data-element_type=\"widget\" data-e-type=\"widget\" data-widget_type=\"icon.default\">\n\t\t\t\t\t\t\t<div class=\"elementor-icon-wrapper\">\n\t\t\t<a class=\"elementor-icon\" href=\"https:\/\/www.instagram.com\/gcatering.mtl\/\">\n\t\t\t<svg aria-hidden=\"true\" class=\"e-font-icon-svg e-fab-instagram\" viewbox=\"0 0 448 512\" xmlns=\"http:\/\/www.w3.org\/2000\/svg\"><path d=\"M224.1 141c-63.6 0-114.9 51.3-114.9 114.9s51.3 114.9 114.9 114.9S339 319.5 339 255.9 287.7 141 224.1 141zm0 189.6c-41.1 0-74.7-33.5-74.7-74.7s33.5-74.7 74.7-74.7 74.7 33.5 74.7 74.7-33.6 74.7-74.7 74.7zm146.4-194.3c0 14.9-12 26.8-26.8 26.8-14.9 0-26.8-12-26.8-26.8s12-26.8 26.8-26.8 26.8 12 26.8 26.8zm76.1 27.2c-1.7-35.9-9.9-67.7-36.2-93.9-26.2-26.2-58-34.4-93.9-36.2-37-2.1-147.9-2.1-184.9 0-35.8 1.7-67.6 9.9-93.9 36.1s-34.4 58-36.2 93.9c-2.1 37-2.1 147.9 0 184.9 1.7 35.9 9.9 67.7 36.2 93.9s58 34.4 93.9 36.2c37 2.1 147.9 2.1 184.9 0 35.9-1.7 67.7-9.9 93.9-36.2 26.2-26.2 34.4-58 36.2-93.9 2.1-37 2.1-147.8 0-184.8zM398.8 388c-7.8 19.6-22.9 34.7-42.6 42.6-29.5 11.7-99.5 9-132.1 9s-102.7 2.6-132.1-9c-19.6-7.8-34.7-22.9-42.6-42.6-11.7-29.5-9-99.5-9-132.1s-2.6-102.7 9-132.1c7.8-19.6 22.9-34.7 42.6-42.6 29.5-11.7 99.5-9 132.1-9s102.7-2.6 132.1 9c19.6 7.8 34.7 22.9 42.6 42.6 11.7 29.5 9 99.5 9 132.1s2.7 102.7-9 132.1z\"><\/path><\/svg>\t\t\t<\/a>\n\t\t<\/div>\n\t\t\t\t\t\t<\/div>\n\t\t\t\t<\/div>\n\t\t\t\t\t<\/div>\n\t\t\t\t<\/div>\n\t\t\t\t<\/div>\n\t\t\t\t<\/div>","protected":false},"excerpt":{"rendered":"<p>TRAITEUR MARIAGE Parce que chaque mariage est unique, notre service de traiteur est pens\u00e9 comme une v\u00e9ritable cr\u00e9ation sur mesure. [&hellip;]<\/p>\n","protected":false},"author":1,"featured_media":0,"parent":0,"menu_order":0,"comment_status":"closed","ping_status":"closed","template":"","meta":{"site-sidebar-layout":"no-sidebar","site-content-layout":"","ast-site-content-layout":"full-width-container","site-content-style":"default","site-sidebar-style":"default","ast-global-header-display":"","ast-banner-title-visibility":"","ast-main-header-display":"","ast-hfb-above-header-display":"","ast-hfb-below-header-display":"","ast-hfb-mobile-header-display":"","site-post-title":"disabled","ast-breadcrumbs-content":"","ast-featured-img":"disabled","footer-sml-layout":"","ast-disable-related-posts":"","theme-transparent-header-meta":"","adv-header-id-meta":"","stick-header-meta":"","header-above-stick-meta":"","header-main-stick-meta":"","header-below-stick-meta":"","astra-migrate-meta-layouts":"default","ast-page-background-enabled":"default","ast-page-background-meta":{"desktop":{"background-color":"var(--ast-global-color-5)","background-image":"","background-repeat":"repeat","background-position":"center center","background-size":"auto","background-attachment":"scroll","background-type":"","background-media":"","overlay-type":"","overlay-color":"","overlay-opacity":"","overlay-gradient":""},"tablet":{"background-color":"","background-image":"","background-repeat":"repeat","background-position":"center center","background-size":"auto","background-attachment":"scroll","background-type":"","background-media":"","overlay-type":"","overlay-color":"","overlay-opacity":"","overlay-gradient":""},"mobile":{"background-color":"","background-image":"","background-repeat":"repeat","background-position":"center center","background-size":"auto","background-attachment":"scroll","background-type":"","background-media":"","overlay-type":"","overlay-color":"","overlay-opacity":"","overlay-gradient":""}},"ast-content-background-meta":{"desktop":{"background-color":"var(--ast-global-color-4)","background-image":"","background-repeat":"repeat","background-position":"center center","background-size":"auto","background-attachment":"scroll","background-type":"","background-media":"","overlay-type":"","overlay-color":"","overlay-opacity":"","overlay-gradient":""},"tablet":{"background-color":"var(--ast-global-color-4)","background-image":"","background-repeat":"repeat","background-position":"center center","background-size":"auto","background-attachment":"scroll","background-type":"","background-media":"","overlay-type":"","overlay-color":"","overlay-opacity":"","overlay-gradient":""},"mobile":{"background-color":"var(--ast-global-color-4)","background-image":"","background-repeat":"repeat","background-position":"center center","background-size":"auto","background-attachment":"scroll","background-type":"","background-media":"","overlay-type":"","overlay-color":"","overlay-opacity":"","overlay-gradient":""}},"footnotes":""},"class_list":["post-154","page","type-page","status-publish","hentry"],"_links":{"self":[{"href":"https:\/\/test.traiteurg.com\/en\/wp-json\/wp\/v2\/pages\/154","targetHints":{"allow":["GET"]}}],"collection":[{"href":"https:\/\/test.traiteurg.com\/en\/wp-json\/wp\/v2\/pages"}],"about":[{"href":"https:\/\/test.traiteurg.com\/en\/wp-json\/wp\/v2\/types\/page"}],"author":[{"embeddable":true,"href":"https:\/\/test.traiteurg.com\/en\/wp-json\/wp\/v2\/users\/1"}],"replies":[{"embeddable":true,"href":"https:\/\/test.traiteurg.com\/en\/wp-json\/wp\/v2\/comments?post=154"}],"version-history":[{"count":68,"href":"https:\/\/test.traiteurg.com\/en\/wp-json\/wp\/v2\/pages\/154\/revisions"}],"predecessor-version":[{"id":840,"href":"https:\/\/test.traiteurg.com\/en\/wp-json\/wp\/v2\/pages\/154\/revisions\/840"}],"wp:attachment":[{"href":"https:\/\/test.traiteurg.com\/en\/wp-json\/wp\/v2\/media?parent=154"}],"curies":[{"name":"wp","href":"https:\/\/api.w.org\/{rel}","templated":true}]}}